{"id":48,"date":"2025-08-21T11:34:45","date_gmt":"2025-08-21T11:34:45","guid":{"rendered":"https:\/\/luisjoaquim.com\/pmgathering\/?page_id=48"},"modified":"2025-09-19T14:31:14","modified_gmt":"2025-09-19T14:31:14","slug":"speakers","status":"publish","type":"page","link":"https:\/\/csw-pmgathering.com\/index.php\/speakers\/","title":{"rendered":"Speakers"},"content":{"rendered":"\n<div class=\"wp-block-group alignfull has-global-padding is-layout-constrained wp-container-core-group-is-layout-0c9c989a wp-block-group-is-layout-constrained\" style=\"min-height:0vh;margin-top:0;margin-bottom:0;padding-top:var(--wp--preset--spacing--70);padding-right:var(--wp--preset--spacing--40);padding-bottom:var(--wp--preset--spacing--70);padding-left:var(--wp--preset--spacing--40)\">\n<div class=\"wp-block-group has-global-padding is-layout-constrained wp-container-core-group-is-layout-346627ba wp-block-group-is-layout-constrained\">\n<h2 class=\"wp-block-heading has-text-align-center has-xx-large-font-size\" style=\"margin-right:0;margin-left:0;padding-right:0;padding-left:0\">Meet the speakers<\/h2>\n\n\n\n<p class=\"has-text-align-center\">From seasoned experts to fresh voices, our speakers bring the daily life of a project manager to centre stage. Get ready to be inspired!<\/p>\n<\/div>\n<\/div>\n\n\n\n<div class=\"wp-block-group alignfull has-global-padding is-layout-constrained wp-container-core-group-is-layout-ebee8dc1 wp-block-group-is-layout-constrained\" style=\"margin-top:0;margin-bottom:0;padding-top:var(--wp--preset--spacing--50);padding-bottom:var(--wp--preset--spacing--50)\">\n<h2 class=\"wp-block-heading alignwide\">External Guest Speakers<\/h2>\n\n\n\n<div class=\"wp-block-columns alignwide is-layout-flex wp-container-core-columns-is-layout-28f84493 wp-block-columns-is-layout-flex\">\n<div class=\"wp-block-column is-layout-flow wp-block-column-is-layout-flow\">\n<figure class=\"wp-block-image size-full\" style=\"margin-bottom:24px\"><img loading=\"lazy\" decoding=\"async\" width=\"580\" height=\"326\" src=\"https:\/\/csw-pmgathering.com\/wp-content\/uploads\/2025\/09\/Roberto-Roncon-2.jpg\" alt=\"\" class=\"wp-image-370\" style=\"aspect-ratio:4\/3;object-fit:cover\" srcset=\"https:\/\/csw-pmgathering.com\/wp-content\/uploads\/2025\/09\/Roberto-Roncon-2.jpg 580w, https:\/\/csw-pmgathering.com\/wp-content\/uploads\/2025\/09\/Roberto-Roncon-2-300x169.jpg 300w\" sizes=\"auto, (max-width: 580px) 100vw, 580px\" \/><\/figure>\n\n\n\n<h3 class=\"wp-block-heading\"><a href=\"https:\/\/www.linkedin.com\/in\/roberto-roncon-587a9b166\/?originalSubdomain=pt\" data-type=\"link\" data-id=\"https:\/\/www.linkedin.com\/in\/roberto-roncon-587a9b166\/?originalSubdomain=pt\" target=\"_blank\" rel=\"noreferrer noopener\">Roberto Roncon<\/a><\/h3>\n\n\n\n<p class=\"has-medium-font-size\">Leading intensivist and the Coordinator of the Intensive Care Unit at the Centro Hospitalar Universit\u00e1rio de S\u00e3o Jo\u00e3o, in Porto. With a PhD in Medicine and a Master\u2019s in Molecular Medicine, Dr. Roncon is a national pioneer in the use of Extracorporeal Membrane Oxygenation (ECMO) and has played a critical role during the COVID-19 pandemic.<\/p>\n\n\n\n<p class=\"has-medium-font-size\">Dr. Roncon will share how to&nbsp;<strong>master stress management in high-stakes scenarios<\/strong>, an inspirational session for Project Managers navigating pressure, uncertainty, and critical decision-making.<\/p>\n<\/div>\n\n\n\n<div class=\"wp-block-column is-layout-flow wp-block-column-is-layout-flow\">\n<figure class=\"wp-block-image size-full\" style=\"margin-bottom:24px\"><img loading=\"lazy\" decoding=\"async\" width=\"1440\" height=\"1430\" src=\"https:\/\/luisjoaquim.com\/pmgathering\/wp-content\/uploads\/2025\/08\/Ester-Alves.jpg\" alt=\"\" class=\"wp-image-120\" style=\"aspect-ratio:4\/3;object-fit:cover\" srcset=\"https:\/\/csw-pmgathering.com\/wp-content\/uploads\/2025\/08\/Ester-Alves.jpg 1440w, https:\/\/csw-pmgathering.com\/wp-content\/uploads\/2025\/08\/Ester-Alves-300x298.jpg 300w, https:\/\/csw-pmgathering.com\/wp-content\/uploads\/2025\/08\/Ester-Alves-1024x1017.jpg 1024w, https:\/\/csw-pmgathering.com\/wp-content\/uploads\/2025\/08\/Ester-Alves-150x150.jpg 150w, https:\/\/csw-pmgathering.com\/wp-content\/uploads\/2025\/08\/Ester-Alves-768x763.jpg 768w\" sizes=\"auto, (max-width: 1440px) 100vw, 1440px\" \/><\/figure>\n\n\n\n<h3 class=\"wp-block-heading\"><a href=\"https:\/\/www.facebook.com\/esteralvesoficial\/\" data-type=\"link\" data-id=\"https:\/\/www.facebook.com\/esteralvesoficial\/\" target=\"_blank\" rel=\"noreferrer noopener\">Ester Alves<\/a><\/h3>\n\n\n\n<p class=\"has-medium-font-size\">Renowned ultramarathon runner and endurance athlete, celebrated for her achievements in some of the world\u2019s most demanding trail and desert races. She has competed multiple times in the legendary Marathon des Sables in the Sahara Desert. Beyond athletics, Ester holds a PhD in Sciences, Physiology, and Molecular Genetics and is the founder of Est\u00e1dio Cl\u00ednica, a center dedicated to high-performance training. Her journey blends science, resilience, and a deep love for nature and human potential. <\/p>\n\n\n\n<p class=\"has-medium-font-size\">Ester Alves will share how to go&nbsp;<strong>beyond limits<\/strong>, offering insights into mindset and endurance.<\/p>\n<\/div>\n\n\n\n<div class=\"wp-block-column is-layout-flow wp-block-column-is-layout-flow\">\n<figure class=\"wp-block-image size-full\" style=\"margin-bottom:24px\"><img loading=\"lazy\" decoding=\"async\" width=\"758\" height=\"800\" src=\"https:\/\/csw-pmgathering.com\/wp-content\/uploads\/2025\/09\/Ana-Peixoto-2.jpg\" alt=\"\" class=\"wp-image-449\" style=\"aspect-ratio:4\/3;object-fit:cover\" srcset=\"https:\/\/csw-pmgathering.com\/wp-content\/uploads\/2025\/09\/Ana-Peixoto-2.jpg 758w, https:\/\/csw-pmgathering.com\/wp-content\/uploads\/2025\/09\/Ana-Peixoto-2-284x300.jpg 284w\" sizes=\"auto, (max-width: 758px) 100vw, 758px\" \/><\/figure>\n\n\n\n<h3 class=\"wp-block-heading\"><a href=\"https:\/\/www.linkedin.com\/in\/ana-peixoto-b9003a23\/\" data-type=\"link\" data-id=\"https:\/\/www.linkedin.com\/in\/ana-peixoto-b9003a23\/\" target=\"_blank\" rel=\"noreferrer noopener\">Ana Peixoto<\/a><\/h3>\n\n\n\n<p class=\"has-medium-font-size\">Journalist at TVI with a background in Communication Sciences and Journalism, Ana aims to share storytellings that connect with diverse audiences.<\/p>\n\n\n\n<p class=\"has-medium-font-size\">Ana Peixoto will explore the&nbsp;<strong>power of communication<\/strong>, highlighting how clarity, empathy, and storytelling are essential tools for Project Managers navigating stakeholder engagement and team alignment.<\/p>\n<\/div>\n<\/div>\n\n\n\n<div class=\"wp-block-columns alignwide is-layout-flex wp-container-core-columns-is-layout-28f84493 wp-block-columns-is-layout-flex\">\n<div class=\"wp-block-column is-layout-flow wp-block-column-is-layout-flow\">\n<figure class=\"wp-block-image size-full\" style=\"margin-bottom:24px\"><img loading=\"lazy\" decoding=\"async\" width=\"800\" height=\"800\" src=\"https:\/\/csw-pmgathering.com\/wp-content\/uploads\/2025\/09\/Joana-Pereira.jpeg\" alt=\"\" class=\"wp-image-386\" style=\"aspect-ratio:4\/3;object-fit:cover\" srcset=\"https:\/\/csw-pmgathering.com\/wp-content\/uploads\/2025\/09\/Joana-Pereira.jpeg 800w, https:\/\/csw-pmgathering.com\/wp-content\/uploads\/2025\/09\/Joana-Pereira-300x300.jpeg 300w, https:\/\/csw-pmgathering.com\/wp-content\/uploads\/2025\/09\/Joana-Pereira-150x150.jpeg 150w, https:\/\/csw-pmgathering.com\/wp-content\/uploads\/2025\/09\/Joana-Pereira-768x768.jpeg 768w\" sizes=\"auto, (max-width: 800px) 100vw, 800px\" \/><\/figure>\n\n\n\n<h3 class=\"wp-block-heading\"><a href=\"https:\/\/www.linkedin.com\/in\/joana-castropereira\/\" data-type=\"link\" data-id=\"https:\/\/www.linkedin.com\/in\/joana-castropereira\/\" target=\"_blank\" rel=\"noreferrer noopener\">Joana Castro Pereira<\/a><\/h3>\n\n\n\n<p class=\"has-medium-font-size\">Strategic HR and communication consultant passionate about empowering organisations through people. With deep expertise in leadership, human development, and executive coaching, Joana helps companies navigate change, foster well-being, and build inclusive cultures that thrive across generations.<\/p>\n\n\n\n<p class=\"has-medium-font-size\">Joana Pereira will share insights on how to lead multigenerational teams with empathy and strategic clarity, <strong>from Boomers to Gen Z: Project Leadership in a Multigenerational Workforce<\/strong>.<\/p>\n<\/div>\n\n\n\n<div class=\"wp-block-column is-layout-flow wp-block-column-is-layout-flow\">\n<figure class=\"wp-block-image size-full\" style=\"margin-bottom:24px\"><img loading=\"lazy\" decoding=\"async\" width=\"798\" height=\"798\" src=\"https:\/\/csw-pmgathering.com\/wp-content\/uploads\/2025\/09\/Andre-Doria.jpeg\" alt=\"\" class=\"wp-image-477\" style=\"aspect-ratio:4\/3;object-fit:cover\" srcset=\"https:\/\/csw-pmgathering.com\/wp-content\/uploads\/2025\/09\/Andre-Doria.jpeg 798w, https:\/\/csw-pmgathering.com\/wp-content\/uploads\/2025\/09\/Andre-Doria-300x300.jpeg 300w, https:\/\/csw-pmgathering.com\/wp-content\/uploads\/2025\/09\/Andre-Doria-150x150.jpeg 150w, https:\/\/csw-pmgathering.com\/wp-content\/uploads\/2025\/09\/Andre-Doria-768x768.jpeg 768w\" sizes=\"auto, (max-width: 798px) 100vw, 798px\" \/><\/figure>\n\n\n\n<h3 class=\"wp-block-heading\"><a href=\"https:\/\/www.linkedin.com\/in\/andrerdoria\/\" data-type=\"link\" data-id=\"https:\/\/www.linkedin.com\/in\/andrerdoria\/\" target=\"_blank\" rel=\"noreferrer noopener\">Andre Doria<\/a><\/h3>\n\n\n\n<p class=\"has-medium-font-size\">Andr\u00e9 Doria is the Co-Founder and CEO of Value Negotiation Technologies, a procurement SaaS venture that empowers companies to negotiate better deals, faster, through AI and process automation. With hands-on involvement in product development and strategic leadership, Andr\u00e9 brings a unique blend of innovation and practical insight. He is also an external faculty member at INSEAD, where he lectures on negotiation across executive programmes in Fontainebleau, Abu Dhabi, and San Francisco. <\/p>\n\n\n\n<p class=\"has-medium-font-size\">Drawing from his global advisory work and academic experience, Andr\u00e9 will share powerful lessons on mastering the <strong>art of negotiation<\/strong>.<\/p>\n\n\n\n<p><\/p>\n<\/div>\n\n\n\n<div class=\"wp-block-column is-layout-flow wp-block-column-is-layout-flow\">\n<figure class=\"wp-block-image size-full\" style=\"margin-bottom:24px\"><img loading=\"lazy\" decoding=\"async\" width=\"750\" height=\"750\" src=\"https:\/\/luisjoaquim.com\/pmgathering\/wp-content\/uploads\/2025\/08\/Paulo-Cunha.jpg\" alt=\"\" class=\"wp-image-131\" style=\"aspect-ratio:4\/3;object-fit:cover\" srcset=\"https:\/\/csw-pmgathering.com\/wp-content\/uploads\/2025\/08\/Paulo-Cunha.jpg 750w, https:\/\/csw-pmgathering.com\/wp-content\/uploads\/2025\/08\/Paulo-Cunha-300x300.jpg 300w, https:\/\/csw-pmgathering.com\/wp-content\/uploads\/2025\/08\/Paulo-Cunha-150x150.jpg 150w\" sizes=\"auto, (max-width: 750px) 100vw, 750px\" \/><\/figure>\n\n\n\n<h3 class=\"wp-block-heading\"><a href=\"https:\/\/viva-porto.pt\/wp-content\/uploads\/2007\/11\/paulocunha.pdf\" target=\"_blank\" rel=\"noreferrer noopener\">Paulo Cunha<\/a><\/h3>\n\n\n\n<p class=\"has-medium-font-size\">Former professional basketball player and current coach, with a career spanning over 25 years in Portuguese basketball. Paulo played for top teams like FC Porto and Vit\u00f3ria Guimar\u00e3es, earning multiple national titles and recognition as a team leader on and off the court. Today, Paulo channels his experience into coaching and leadership development, focusing on building high-performing, resilient teams.<\/p>\n\n\n\n<p class=\"has-medium-font-size\">Paulo Cunha will share his experience on\u00a0<strong>Motivating teams<\/strong>, inspiring Project Managers leading teams, navigating pressure, and driving performance toward shared goals<\/p>\n<\/div>\n<\/div>\n<\/div>\n\n\n\n<div class=\"wp-block-group alignfull has-global-padding is-layout-constrained wp-container-core-group-is-layout-ebee8dc1 wp-block-group-is-layout-constrained\" style=\"margin-top:0;margin-bottom:0;padding-top:var(--wp--preset--spacing--50);padding-bottom:var(--wp--preset--spacing--50)\">\n<h2 class=\"wp-block-heading alignwide\">Critical Special Guests<\/h2>\n\n\n\n<div class=\"wp-block-columns alignwide is-layout-flex wp-container-core-columns-is-layout-28f84493 wp-block-columns-is-layout-flex\">\n<div class=\"wp-block-column is-layout-flow wp-block-column-is-layout-flow\">\n<figure class=\"wp-block-image size-full\" style=\"margin-bottom:24px\"><img loading=\"lazy\" decoding=\"async\" width=\"1200\" height=\"800\" src=\"https:\/\/luisjoaquim.com\/pmgathering\/wp-content\/uploads\/2025\/08\/Goncalo-Quadros.jpg\" alt=\"\" class=\"wp-image-126\" style=\"aspect-ratio:4\/3;object-fit:cover\" srcset=\"https:\/\/csw-pmgathering.com\/wp-content\/uploads\/2025\/08\/Goncalo-Quadros.jpg 1200w, https:\/\/csw-pmgathering.com\/wp-content\/uploads\/2025\/08\/Goncalo-Quadros-300x200.jpg 300w, https:\/\/csw-pmgathering.com\/wp-content\/uploads\/2025\/08\/Goncalo-Quadros-1024x683.jpg 1024w, https:\/\/csw-pmgathering.com\/wp-content\/uploads\/2025\/08\/Goncalo-Quadros-768x512.jpg 768w\" sizes=\"auto, (max-width: 1200px) 100vw, 1200px\" \/><\/figure>\n\n\n\n<h3 class=\"wp-block-heading\" id=\"SPK-GQ\"><a href=\"https:\/\/www.linkedin.com\/in\/goncaloquadros\/\" target=\"_blank\" rel=\"noreferrer noopener\">Gon\u00e7alo Quadros<\/a><\/h3>\n\n\n\n<p class=\"has-medium-font-size\">No need for introductions! Our Chairman and co-founder of Critical. With a PhD in Computer Science from the University of Coimbra, Gon\u00e7alo is an inspiration for how to combine academic insight with entrepreneurial vision, helping shape Portugal\u2019s tech landscape <\/p>\n\n\n\n<p class=\"has-medium-font-size\">Gon\u00e7alo will share memories of&nbsp;<strong>Project Management in CSW since 1998<\/strong>.<\/p>\n<\/div>\n\n\n\n<div class=\"wp-block-column is-layout-flow wp-block-column-is-layout-flow\">\n<figure class=\"wp-block-image size-full\" style=\"margin-bottom:24px\"><img loading=\"lazy\" decoding=\"async\" width=\"378\" height=\"531\" src=\"https:\/\/luisjoaquim.com\/pmgathering\/wp-content\/uploads\/2025\/08\/Joana-Pires-Araujo-1.png\" alt=\"\" class=\"wp-image-130\" style=\"aspect-ratio:4\/3;object-fit:cover\" srcset=\"https:\/\/csw-pmgathering.com\/wp-content\/uploads\/2025\/08\/Joana-Pires-Araujo-1.png 378w, https:\/\/csw-pmgathering.com\/wp-content\/uploads\/2025\/08\/Joana-Pires-Araujo-1-214x300.png 214w\" sizes=\"auto, (max-width: 378px) 100vw, 378px\" \/><\/figure>\n\n\n\n<h3 class=\"wp-block-heading\"><a href=\"https:\/\/www.linkedin.com\/in\/joanapiresaraujo\/\" target=\"_blank\" rel=\"noreferrer noopener\">Joana Pires Ara\u00fajo<\/a><\/h3>\n\n\n\n<p class=\"has-medium-font-size\">Joana recently joined the team to strengthen our Culture &amp; Impact initiatives. With a Master of Laws in European Law and a background at Coimbra Coolectiva, Joana brings a passion for civic engagement, storytelling, and meaningful change. Curious, optimistic, and people-driven, she believes in the power of community \u2014 whether through a neighbourhood project or a workplace culture. <\/p>\n\n\n\n<p class=\"has-medium-font-size\">Joana will share how&nbsp;<strong>culture and community&nbsp;<\/strong>are foundational to successful Project Management, shaping team identity, motivation, and long-term impact.<\/p>\n<\/div>\n\n\n\n<div class=\"wp-block-column is-layout-flow wp-block-column-is-layout-flow\">\n<figure class=\"wp-block-image size-full\" style=\"margin-bottom:24px\"><img loading=\"lazy\" decoding=\"async\" width=\"456\" height=\"456\" src=\"https:\/\/luisjoaquim.com\/pmgathering\/wp-content\/uploads\/2025\/08\/MC-Profile-Photo.jpg\" alt=\"\" class=\"wp-image-129\" style=\"aspect-ratio:4\/3;object-fit:cover\" srcset=\"https:\/\/csw-pmgathering.com\/wp-content\/uploads\/2025\/08\/MC-Profile-Photo.jpg 456w, https:\/\/csw-pmgathering.com\/wp-content\/uploads\/2025\/08\/MC-Profile-Photo-300x300.jpg 300w, https:\/\/csw-pmgathering.com\/wp-content\/uploads\/2025\/08\/MC-Profile-Photo-150x150.jpg 150w\" sizes=\"auto, (max-width: 456px) 100vw, 456px\" \/><\/figure>\n\n\n\n<h3 class=\"wp-block-heading\"><a href=\"https:\/\/www.linkedin.com\/in\/marccustodio\/\" target=\"_blank\" rel=\"noreferrer noopener\">Marc Custodio<\/a><\/h3>\n\n\n\n<p class=\"has-medium-font-size\">Our Innovation Catalyst, joining the Innovation &amp; Knowledge department to help drive forward-thinking initiatives. Marc holds a Master of Business Administration from The Lisbon MBA. He brings 7 years of experience from Deloitte Consulting, where he worked as a Product Manager and member of the Innovation team, leading software development projects.<\/p>\n\n\n\n<p class=\"has-medium-font-size\">Marc will share how&nbsp;<strong>innovation&nbsp;<\/strong>fuels successful Project Management, helping teams stay adaptable, creative, and future-ready in an ever-evolving landscape.&nbsp;<\/p>\n<\/div>\n<\/div>\n\n\n\n<div class=\"wp-block-columns alignwide is-layout-flex wp-container-core-columns-is-layout-28f84493 wp-block-columns-is-layout-flex\">\n<div class=\"wp-block-column is-layout-flow wp-block-column-is-layout-flow\">\n<figure class=\"wp-block-image size-full\" style=\"margin-bottom:24px\"><img loading=\"lazy\" decoding=\"async\" width=\"800\" height=\"590\" src=\"https:\/\/csw-pmgathering.com\/wp-content\/uploads\/2025\/09\/Tania-Calcada.jpg\" alt=\"\" class=\"wp-image-475\" style=\"aspect-ratio:4\/3;object-fit:cover\" srcset=\"https:\/\/csw-pmgathering.com\/wp-content\/uploads\/2025\/09\/Tania-Calcada.jpg 800w, https:\/\/csw-pmgathering.com\/wp-content\/uploads\/2025\/09\/Tania-Calcada-300x221.jpg 300w, https:\/\/csw-pmgathering.com\/wp-content\/uploads\/2025\/09\/Tania-Calcada-768x566.jpg 768w\" sizes=\"auto, (max-width: 800px) 100vw, 800px\" \/><\/figure>\n\n\n\n<h3 class=\"wp-block-heading\"><a href=\"https:\/\/www.linkedin.com\/in\/tcalcada\/\" data-type=\"link\" data-id=\"https:\/\/www.linkedin.com\/in\/tcalcada\/\" target=\"_blank\" rel=\"noreferrer noopener\">T\u00e2nia Cal\u00e7ada<\/a><\/h3>\n\n\n\n<p class=\"has-medium-font-size\">T\u00e2nia recently joined our Innovation &amp; Knowledge department to boost our AI capabilities. With a&nbsp;PhD&nbsp;in Electrical Engineering, T\u00e2nia brings a strong background in digital transformation, having supported teams in adopting emerging technologies and agile ways of working. Her experience spans innovation, R&amp;D, digital skilling, and product management, with a focus on creating economic and social value through technology.<\/p>\n\n\n\n<p class=\"has-medium-font-size\">T\u00e2nia will share&nbsp;the <strong>AI Ops strategy<\/strong>&nbsp;and how we can enhance efficiency with AI Ops Support.<\/p>\n\n\n\n<p class=\"has-medium-font-size\"><\/p>\n<\/div>\n\n\n\n<div class=\"wp-block-column is-layout-flow wp-block-column-is-layout-flow\">\n<figure class=\"wp-block-image size-full\" style=\"margin-bottom:24px\"><img loading=\"lazy\" decoding=\"async\" width=\"752\" height=\"663\" src=\"https:\/\/luisjoaquim.com\/pmgathering\/wp-content\/uploads\/2025\/08\/speaker-lessons.png\" alt=\"\" class=\"wp-image-66\" style=\"aspect-ratio:4\/3;object-fit:cover\" srcset=\"https:\/\/csw-pmgathering.com\/wp-content\/uploads\/2025\/08\/speaker-lessons.png 752w, https:\/\/csw-pmgathering.com\/wp-content\/uploads\/2025\/08\/speaker-lessons-300x264.png 300w\" sizes=\"auto, (max-width: 752px) 100vw, 752px\" \/><\/figure>\n\n\n\n<h3 class=\"wp-block-heading\"><\/h3>\n\n\n\n<p class=\"has-medium-font-size\"><strong><a href=\"https:\/\/www.linkedin.com\/in\/m%C3%B3nica-sobreira-a323541\/\" target=\"_blank\" rel=\"noreferrer noopener\">M\u00f3nica Sobreira<\/a>,&nbsp;<a href=\"https:\/\/www.linkedin.com\/in\/mpedrinel\/\" target=\"_blank\" rel=\"noreferrer noopener\">Mathieu Pedrinelli,<\/a>&nbsp;<a href=\"https:\/\/www.linkedin.com\/in\/martaavila\/\" target=\"_blank\" rel=\"noreferrer noopener\">Marta \u00c1vila<\/a><\/strong>, and&nbsp;<strong><a href=\"https:\/\/www.linkedin.com\/in\/cjdiogo\/\" target=\"_blank\" rel=\"noreferrer noopener\">Carlos Jo\u00e3o Diogo<\/a>,<\/strong>&nbsp;with moderation by&nbsp;<a href=\"https:\/\/www.linkedin.com\/in\/ljoaquim\/\" target=\"_blank\" rel=\"noreferrer noopener\"><strong>Lu\u00eds<\/strong>&nbsp;<strong>Joaquim<\/strong><\/a>, our PMO Catalyst,&nbsp;will share project lessons learned and reflect on practical insights, challenges overcome, and strategies that made a difference. It will be an opportunity for all to discuss experiences and get inspired for future projects.&nbsp;<\/p>\n<\/div>\n\n\n\n<div class=\"wp-block-column is-layout-flow wp-block-column-is-layout-flow\">\n<figure class=\"wp-block-image size-full\" style=\"margin-bottom:24px\"><img loading=\"lazy\" decoding=\"async\" width=\"976\" height=\"888\" src=\"https:\/\/csw-pmgathering.com\/wp-content\/uploads\/2025\/09\/Jorge-Rodrigues-2.png\" alt=\"\" class=\"wp-image-453\" style=\"aspect-ratio:4\/3;object-fit:cover\" srcset=\"https:\/\/csw-pmgathering.com\/wp-content\/uploads\/2025\/09\/Jorge-Rodrigues-2.png 976w, https:\/\/csw-pmgathering.com\/wp-content\/uploads\/2025\/09\/Jorge-Rodrigues-2-300x273.png 300w, https:\/\/csw-pmgathering.com\/wp-content\/uploads\/2025\/09\/Jorge-Rodrigues-2-768x699.png 768w\" sizes=\"auto, (max-width: 976px) 100vw, 976px\" \/><\/figure>\n\n\n\n<h3 class=\"wp-block-heading\"><a href=\"https:\/\/www.linkedin.com\/in\/jorge-rodrigues-472403\/\" target=\"_blank\" rel=\"noreferrer noopener\">Jorge Rodrigues<\/a><\/h3>\n\n\n\n<p class=\"has-medium-font-size\">Our PMO&nbsp;Director will share the latest updates from the PMO, highlighting the improvements on the tools, evolving practices, and strategic plans designed to&nbsp;<strong>streamline&nbsp;<\/strong>project delivery,&nbsp;<strong>optimise&nbsp;<\/strong>workflows, and&nbsp;<strong>empower&nbsp;<\/strong>teams to work more&nbsp;<strong>efficiently&nbsp;<\/strong>and collaboratively.<\/p>\n<\/div>\n<\/div>\n<\/div>\n\n\n\n<blockquote class=\"wp-block-quote is-layout-flow wp-block-quote-is-layout-flow\">\n<p>Stories that will inspire us<\/p>\n<\/blockquote>\n","protected":false},"excerpt":{"rendered":"<p>Meet the speakers From seasoned experts to fresh voices, our speakers bring the daily life of a project manager to centre stage. Get ready to be inspired! External Guest Speakers Roberto Roncon Leading intensivist and the Coordinator of the Intensive Care Unit at the Centro Hospitalar Universit\u00e1rio de S\u00e3o Jo\u00e3o, in Porto. With a PhD [&hellip;]<\/p>\n","protected":false},"author":1,"featured_media":0,"parent":0,"menu_order":0,"comment_status":"closed","ping_status":"closed","template":"page-no-title","meta":{"footnotes":""},"class_list":["post-48","page","type-page","status-publish","hentry"],"_links":{"self":[{"href":"https:\/\/csw-pmgathering.com\/index.php\/wp-json\/wp\/v2\/pages\/48","targetHints":{"allow":["GET"]}}],"collection":[{"href":"https:\/\/csw-pmgathering.com\/index.php\/wp-json\/wp\/v2\/pages"}],"about":[{"href":"https:\/\/csw-pmgathering.com\/index.php\/wp-json\/wp\/v2\/types\/page"}],"author":[{"embeddable":true,"href":"https:\/\/csw-pmgathering.com\/index.php\/wp-json\/wp\/v2\/users\/1"}],"replies":[{"embeddable":true,"href":"https:\/\/csw-pmgathering.com\/index.php\/wp-json\/wp\/v2\/comments?post=48"}],"version-history":[{"count":33,"href":"https:\/\/csw-pmgathering.com\/index.php\/wp-json\/wp\/v2\/pages\/48\/revisions"}],"predecessor-version":[{"id":486,"href":"https:\/\/csw-pmgathering.com\/index.php\/wp-json\/wp\/v2\/pages\/48\/revisions\/486"}],"wp:attachment":[{"href":"https:\/\/csw-pmgathering.com\/index.php\/wp-json\/wp\/v2\/media?parent=48"}],"curies":[{"name":"wp","href":"https:\/\/api.w.org\/{rel}","templated":true}]}}