{"id":22,"date":"2025-08-21T10:09:41","date_gmt":"2025-08-21T10:09:41","guid":{"rendered":"https:\/\/luisjoaquim.com\/pmgathering\/?page_id=22"},"modified":"2025-09-12T13:55:25","modified_gmt":"2025-09-12T13:55:25","slug":"organisers","status":"publish","type":"page","link":"https:\/\/csw-pmgathering.com\/index.php\/organisers\/","title":{"rendered":"Organisers"},"content":{"rendered":"\n<p class=\"is-style-text-subtitle is-style-text-subtitle--1\"><strong>The organising musketeers<\/strong><\/p>\n\n\n\n<p>Meet the team behind the scenes of this year\u2019s PM Gathering.<\/p>\n\n\n\n<p><\/p>\n\n\n\n<figure class=\"wp-block-image size-large\"><img loading=\"lazy\" decoding=\"async\" width=\"1024\" height=\"698\" src=\"https:\/\/luisjoaquim.com\/pmgathering\/wp-content\/uploads\/2025\/08\/PM-gathering-2025-planningTeam-1024x698.jpg\" alt=\"\" class=\"wp-image-90\" srcset=\"https:\/\/csw-pmgathering.com\/wp-content\/uploads\/2025\/08\/PM-gathering-2025-planningTeam-1024x698.jpg 1024w, https:\/\/csw-pmgathering.com\/wp-content\/uploads\/2025\/08\/PM-gathering-2025-planningTeam-300x205.jpg 300w, https:\/\/csw-pmgathering.com\/wp-content\/uploads\/2025\/08\/PM-gathering-2025-planningTeam-768x524.jpg 768w, https:\/\/csw-pmgathering.com\/wp-content\/uploads\/2025\/08\/PM-gathering-2025-planningTeam-1536x1047.jpg 1536w, https:\/\/csw-pmgathering.com\/wp-content\/uploads\/2025\/08\/PM-gathering-2025-planningTeam-2048x1396.jpg 2048w\" sizes=\"auto, (max-width: 1024px) 100vw, 1024px\" \/><\/figure>\n\n\n\n<div class=\"wp-block-columns is-layout-flex wp-container-core-columns-is-layout-28f84493 wp-block-columns-is-layout-flex\">\n<div class=\"wp-block-column is-layout-flow wp-block-column-is-layout-flow\" style=\"flex-basis:66.66%\"><\/div>\n\n\n\n<div class=\"wp-block-column is-layout-flow wp-block-column-is-layout-flow\" style=\"flex-basis:33.33%\"><\/div>\n<\/div>\n\n\n\n<pre class=\"wp-block-verse\">From left to right: <a href=\"https:\/\/www.linkedin.com\/in\/ricardoalmeida\/\" target=\"_blank\" rel=\"noreferrer noopener\">Ricardo Almeida<\/a> (DES), <a href=\"https:\/\/www.linkedin.com\/in\/in%C3%AAs-pinho-0632a847\/\" target=\"_blank\" rel=\"noreferrer noopener\">In\u00eas Pinho<\/a> (PMO), <a href=\"https:\/\/www.linkedin.com\/in\/b%C3%A1rbara-dias-pereira-b62917149\/\" target=\"_blank\" rel=\"noreferrer noopener\">B\u00e1rbara Pereira<\/a> (SRS) and <a href=\"https:\/\/www.linkedin.com\/in\/franciscacesar\/\" target=\"_blank\" rel=\"noreferrer noopener\">Francisca C\u00e9sar<\/a> (ARMS).<br><br><br><br><\/pre>\n\n\n\n<blockquote class=\"wp-block-quote is-layout-flow wp-block-quote-is-layout-flow\">\n<p>All for one and one for all!<\/p>\n<\/blockquote>\n\n\n\n<p><\/p>\n\n\n\n<p><\/p>\n","protected":false},"excerpt":{"rendered":"<p>The organising musketeers Meet the team behind the scenes of this year\u2019s PM Gathering. From left to right: Ricardo Almeida (DES), In\u00eas Pinho (PMO), B\u00e1rbara Pereira (SRS) and Francisca C\u00e9sar (ARMS). All for one and one for all!<\/p>\n","protected":false},"author":1,"featured_media":0,"parent":0,"menu_order":0,"comment_status":"closed","ping_status":"closed","template":"","meta":{"footnotes":""},"class_list":["post-22","page","type-page","status-publish","hentry"],"_links":{"self":[{"href":"https:\/\/csw-pmgathering.com\/index.php\/wp-json\/wp\/v2\/pages\/22","targetHints":{"allow":["GET"]}}],"collection":[{"href":"https:\/\/csw-pmgathering.com\/index.php\/wp-json\/wp\/v2\/pages"}],"about":[{"href":"https:\/\/csw-pmgathering.com\/index.php\/wp-json\/wp\/v2\/types\/page"}],"author":[{"embeddable":true,"href":"https:\/\/csw-pmgathering.com\/index.php\/wp-json\/wp\/v2\/users\/1"}],"replies":[{"embeddable":true,"href":"https:\/\/csw-pmgathering.com\/index.php\/wp-json\/wp\/v2\/comments?post=22"}],"version-history":[{"count":10,"href":"https:\/\/csw-pmgathering.com\/index.php\/wp-json\/wp\/v2\/pages\/22\/revisions"}],"predecessor-version":[{"id":446,"href":"https:\/\/csw-pmgathering.com\/index.php\/wp-json\/wp\/v2\/pages\/22\/revisions\/446"}],"wp:attachment":[{"href":"https:\/\/csw-pmgathering.com\/index.php\/wp-json\/wp\/v2\/media?parent=22"}],"curies":[{"name":"wp","href":"https:\/\/api.w.org\/{rel}","templated":true}]}}