{"id":14,"date":"2025-08-21T08:48:46","date_gmt":"2025-08-21T08:48:46","guid":{"rendered":"https:\/\/luisjoaquim.com\/pmgathering\/?page_id=14"},"modified":"2025-09-19T12:09:59","modified_gmt":"2025-09-19T12:09:59","slug":"agenda","status":"publish","type":"page","link":"https:\/\/csw-pmgathering.com\/index.php\/agenda\/","title":{"rendered":"Agenda"},"content":{"rendered":"\n<p class=\"is-style-text-subtitle is-style-text-subtitle--1\">Your roadmap to inspiration<\/p>\n\n\n\n<p>From insightful talks and practical sessions to energising team activities, this year\u2019s programme mirrors the rhythm of a project manager\u2019s day.&nbsp;<\/p>\n\n\n\n<h2 class=\"wp-block-heading\">Day 1<\/h2>\n\n\n\n<figure class=\"wp-block-table is-style-regular\"><table><tbody><tr><td>\ud83d\udd52<\/td><td><strong>Thu, 25 Sep<\/strong><\/td><\/tr><tr><td>09:30<\/td><td>Welcome &amp; Breakfast <strong><br><\/strong>Check-in &amp; Let the Magic Begin&nbsp;\ud83d\udece\ufe0f<\/td><\/tr><tr><td>10:00<\/td><td>Project Management, in CSW, since 1998<br>by <a href=\"#popmake-257\">Gon\u00e7alo Quadros<\/a><\/td><\/tr><tr><td>10:45<\/td><td>Mastering Stress Management in High-Stakes Scenarios<br>by <a href=\"#popmake-265\">Roberto Roncon<\/a><\/td><\/tr><tr><td>11:45<\/td><td>Beyond Limits: The Mind and Body in Life &amp; Ultrarunning<br>by <a href=\"#popmake-271\">Ester Alves<\/a><\/td><\/tr><tr><td>12:30<\/td><td>Lunch<\/td><\/tr><tr><td>14:15<\/td><td>Surprise! \ud83e\udd2b<\/td><\/tr><tr><td>15:00<\/td><td>The Power of Communication<br>by <a href=\"#popmake-311\" data-type=\"internal\" data-id=\"#popmake-311\">Ana Peixoto<\/a><\/td><\/tr><tr><td>15:30<\/td><td>From Boomers to Gen Z: Project Leadership in a Multigenerational Workforce<br>by <a href=\"#popmake-302\" data-type=\"internal\" data-id=\"#popmake-302\" target=\"_blank\" rel=\"noreferrer noopener\">Joana Castro Pereira<\/a><\/td><\/tr><tr><td>16:00<\/td><td>Coffee break<\/td><\/tr><tr><td>16:15<\/td><td>Team building &#8216;Improvise-se&#8217;<br>by <a href=\"#popmake-321\" data-type=\"internal\" data-id=\"#popmake-321\">RemarkablePeople &amp; Opera\u00e7\u00e3o Nariz Vermelho<\/a><\/td><\/tr><tr><td>18:00<\/td><td>Networking &amp; energising break<\/td><\/tr><tr><td>20:00<\/td><td>Dinner<\/td><\/tr><tr><td>21:00<\/td><td>Let\u2019s Dance!<\/td><\/tr><tr><td>00:00<\/td><td><strong>\ud83d\ude34<\/strong><\/td><\/tr><\/tbody><\/table><\/figure>\n\n\n\n<h2 class=\"wp-block-heading\">Day 2<\/h2>\n\n\n\n<figure class=\"wp-block-table\"><table><tbody><tr><td>\ud83d\udd52<\/td><td><strong>Fri, 26 Sep<\/strong><\/td><\/tr><tr><td>9:30<\/td><td>Morning Boost<br>Breakfast (or just keep sleeping!)<\/td><\/tr><tr><td>10:00<\/td><td>The Art of Negotiation<br>by <a href=\"#popmake-317\" data-type=\"internal\" data-id=\"#popmake-317\" target=\"_blank\" rel=\"noreferrer noopener\">Andre Doria<\/a><\/td><\/tr><tr><td>10:30<\/td><td>Team Motivation and Leadership<br>by <a href=\"#popmake-326\" data-type=\"internal\" data-id=\"#popmake-326\">Paulo Cunha<\/a><\/td><\/tr><tr><td>11:15<\/td><td>Culture &amp; Impact at Critical<br>by <a href=\"#popmake-329\" data-type=\"internal\" data-id=\"#popmake-329\">Joana Pires Ara\u00fajo<\/a><\/td><\/tr><tr><td>11:45<\/td><td>Innovation at Critical<br>by <a href=\"#popmake-332\" data-type=\"internal\" data-id=\"#popmake-332\">Marc Custodio<\/a><\/td><\/tr><tr><td>12:00<\/td><td>AI Ops strategy<br>by <a href=\"#popmake-335\" data-type=\"internal\" data-id=\"#popmake-335\">T\u00e2nia Cal\u00e7ada<\/a><\/td><\/tr><tr><td>12:30<\/td><td>Lunch<\/td><\/tr><tr><td>14:00<\/td><td>Lessons from our Projects<br>by <a href=\"#popmake-341\" data-type=\"internal\" data-id=\"#popmake-341\">M\u00f3nica Sobreira, Mathieu Pedrinelli, Marta \u00c1vila, and Carlos Jo\u00e3o Diogo, with moderation by Lu\u00eds Joaquim<\/a><\/td><\/tr><tr><td>15:30<\/td><td>What\u2019s New, What\u2019s Next<br>by <a href=\"#popmake-338\" data-type=\"internal\" data-id=\"#popmake-338\">Jorge Rodrigues<\/a><\/td><\/tr><tr><td>16:00<\/td><td>PM Gathering Wrap-Up<br>(and passing the torch to the next year&#8217;s event)<\/td><\/tr><tr><td>16:15<\/td><td>Goodbye \ud83d\udc4b<\/td><\/tr><\/tbody><\/table><\/figure>\n\n\n\n<p><\/p>\n","protected":false},"excerpt":{"rendered":"<p>Your roadmap to inspiration From insightful talks and practical sessions to energising team activities, this year\u2019s programme mirrors the rhythm of a project manager\u2019s day.&nbsp; Day 1 \ud83d\udd52 Thu, 25 Sep 09:30 Welcome &amp; Breakfast Check-in &amp; Let the Magic Begin&nbsp;\ud83d\udece\ufe0f 10:00 Project Management, in CSW, since 1998by Gon\u00e7alo Quadros 10:45 Mastering Stress Management in [&hellip;]<\/p>\n","protected":false},"author":1,"featured_media":221,"parent":0,"menu_order":0,"comment_status":"closed","ping_status":"closed","template":"","meta":{"footnotes":""},"class_list":["post-14","page","type-page","status-publish","has-post-thumbnail","hentry"],"_links":{"self":[{"href":"https:\/\/csw-pmgathering.com\/index.php\/wp-json\/wp\/v2\/pages\/14","targetHints":{"allow":["GET"]}}],"collection":[{"href":"https:\/\/csw-pmgathering.com\/index.php\/wp-json\/wp\/v2\/pages"}],"about":[{"href":"https:\/\/csw-pmgathering.com\/index.php\/wp-json\/wp\/v2\/types\/page"}],"author":[{"embeddable":true,"href":"https:\/\/csw-pmgathering.com\/index.php\/wp-json\/wp\/v2\/users\/1"}],"replies":[{"embeddable":true,"href":"https:\/\/csw-pmgathering.com\/index.php\/wp-json\/wp\/v2\/comments?post=14"}],"version-history":[{"count":33,"href":"https:\/\/csw-pmgathering.com\/index.php\/wp-json\/wp\/v2\/pages\/14\/revisions"}],"predecessor-version":[{"id":485,"href":"https:\/\/csw-pmgathering.com\/index.php\/wp-json\/wp\/v2\/pages\/14\/revisions\/485"}],"wp:featuredmedia":[{"embeddable":true,"href":"https:\/\/csw-pmgathering.com\/index.php\/wp-json\/wp\/v2\/media\/221"}],"wp:attachment":[{"href":"https:\/\/csw-pmgathering.com\/index.php\/wp-json\/wp\/v2\/media?parent=14"}],"curies":[{"name":"wp","href":"https:\/\/api.w.org\/{rel}","templated":true}]}}